{"id":205,"date":"2025-12-08T13:33:31","date_gmt":"2025-12-08T13:33:31","guid":{"rendered":"https:\/\/hampona.com\/?post_type=product&#038;p=205"},"modified":"2026-04-01T10:29:52","modified_gmt":"2026-04-01T10:29:52","slug":"the-grand-set","status":"publish","type":"product","link":"https:\/\/hampona.com\/et\/toode\/the-grand-set\/","title":{"rendered":"The Grand set"},"content":{"rendered":"<p><strong>Grand Set<\/strong> kehastab HAMPONA olemust \u2013 t\u00e4histamist, t\u00e4nulikkust ja \u00fchtekuuluvust \u2013 pakkudes k\u00f5ike, mida vajad meeldej\u00e4\u00e4vate kokteilihetkede loomiseks. Elegantse ja l\u00e4bim\u00f5eldud disainiga kollektsioon muudab sinu kodubaari paigaks, kus kohtuvad jagatud r\u00f5\u00f5m ja troopiline h\u00f5ng.<\/p>\n<p>&nbsp;<\/p>\n<p>\u0160eiker ja mensuur paistavad silma eksklusiivse disainiga, samas kui \u00fclej\u00e4\u00e4nud baaritarvikud on viimistletud peene tumehalli metalliktooniga. K\u00f5ik esemed on valmistatud k\u00f5rgkvaliteedilisest roostevabast terasest, mis tagab vastupidavuse ja ajatu v\u00e4limuse. Soovitame neid pesta k\u00e4sitsi, et s\u00e4ilitada v\u00e4limus ja pikendada kasutusiga.<\/p>\n<p>&nbsp;<\/p>\n<p>Grand Set on pakendatud kaunisse eritellimusel loodud kinkekarpi, kus iga ese on hoolikalt oma vahust sektsioonis. See ei ole pelgalt baaritarvik \u2013 see on elamus. Pole oluline kas sa jagad seda s\u00f5pradega, kingid kallile inimesele v\u00f5i naudid selle kasutamist rahulikus keskkonnas - see kannab endas alati Aloha soojust, P\u0101\u2018ina r\u00f5\u00f5mu ja Nohea ilu.<\/p>\n<p>&nbsp;<\/p>\n<p>Iga Grand Setiga loodud kokteil t\u00e4histab \u00fchtekuuluvust, t\u00e4nulikkust ja paradiisitunnet<\/p>","protected":false},"excerpt":{"rendered":"<ul>\n<li><strong>Spirit Shaker<\/strong> - valmistatud kvaliteetsest roostevabast terasest meie eksklusiivse disainiga, \u00fchendades elegantsuse ja suurep\u00e4rase kasutusmugavuse.<\/li>\n<li><strong>Hampona Mensuur<\/strong> (30\/60 ml) \u2013 eksklusiivse disainiga mensuur, mis tagab t\u00e4psuse ja stiili igal valamisel.<\/li>\n<li><strong>Baarilusikas<\/strong> (28 cm) \u2013 elegantne ja praktiline, ideaalne segamiseks ja kihtide loomiseks.<\/li>\n<li><strong>Baarinui<\/strong> - vastupidav t\u00f6\u00f6riist, millega tuua esile v\u00e4rsked ja intensiivsed maitsed puuviljadest ja \u00fcrtidest.<\/li>\n<li><strong>Baaris\u00f5el<\/strong> \u2013 loodud tagama puhta ja \u00fchtlase valamise.<\/li>\n<li><strong>2x Valamisotsik<\/strong> - sujuvaks ja \u00fchtlaseks valamiseks.<\/li>\n<\/ul>","protected":false},"featured_media":343,"template":"","meta":[],"product_brand":[],"product_cat":[20],"product_tag":[],"class_list":{"0":"post-205","1":"product","2":"type-product","3":"status-publish","4":"has-post-thumbnail","6":"product_cat-big-set","8":"first","9":"instock","10":"taxable","11":"shipping-taxable","12":"purchasable","13":"product-type-simple"},"yoast_head":"<!-- This site is optimized with the Yoast SEO plugin v27.4 - https:\/\/yoast.com\/product\/yoast-seo-wordpress\/ -->\n<title>The Grand set - Hampona Barware<\/title>\n<meta name=\"robots\" content=\"index, follow, max-snippet:-1, max-image-preview:large, max-video-preview:-1\" \/>\n<link rel=\"canonical\" href=\"https:\/\/hampona.com\/et\/toode\/the-grand-set\/\" \/>\n<meta property=\"og:locale\" content=\"et_EE\" \/>\n<meta property=\"og:type\" content=\"article\" \/>\n<meta property=\"og:title\" content=\"The Grand set - Hampona Barware\" \/>\n<meta property=\"og:description\" content=\"The Spirit Shaker \u2013 crafted from premium stainless steel in our exclusive design, built for elegance and performance.  Hampona Jigger (30\/60 ml) \u2013 featuring the same exclusive design, ensuring precision and beauty with every pour.  Bar Spoon (28cm) \u2013 graceful and practical, perfect for stirring and layering with ease.  Muddler \u2013 sturdy and effective for unlocking fresh, vibrant flavors from fruits and herbs.  Strainer \u2013 designed for smooth, clean pours every time.  2x Freeflow Pourers \u2013 for effortless and consistent serving.\" \/>\n<meta property=\"og:url\" content=\"https:\/\/hampona.com\/et\/toode\/the-grand-set\/\" \/>\n<meta property=\"og:site_name\" content=\"Hampona Barware\" \/>\n<meta property=\"article:modified_time\" content=\"2026-04-01T10:29:52+00:00\" \/>\n<meta property=\"og:image\" content=\"https:\/\/hampona.com\/wp-content\/uploads\/2025\/12\/TheGrandSet-1-scaled.jpg\" \/>\n\t<meta property=\"og:image:width\" content=\"1708\" \/>\n\t<meta property=\"og:image:height\" content=\"2560\" \/>\n\t<meta property=\"og:image:type\" content=\"image\/jpeg\" \/>\n<meta name=\"twitter:card\" content=\"summary_large_image\" \/>\n<meta name=\"twitter:label1\" content=\"Est. reading time\" \/>\n\t<meta name=\"twitter:data1\" content=\"1 minut\" \/>\n<script type=\"application\/ld+json\" class=\"yoast-schema-graph\">{\"@context\":\"https:\\\/\\\/schema.org\",\"@graph\":[{\"@type\":\"WebPage\",\"@id\":\"https:\\\/\\\/hampona.com\\\/et\\\/toode\\\/the-grand-set\\\/\",\"url\":\"https:\\\/\\\/hampona.com\\\/et\\\/toode\\\/the-grand-set\\\/\",\"name\":\"The Grand set - Hampona Barware\",\"isPartOf\":{\"@id\":\"https:\\\/\\\/hampona.com\\\/et\\\/#website\"},\"primaryImageOfPage\":{\"@id\":\"https:\\\/\\\/hampona.com\\\/et\\\/toode\\\/the-grand-set\\\/#primaryimage\"},\"image\":{\"@id\":\"https:\\\/\\\/hampona.com\\\/et\\\/toode\\\/the-grand-set\\\/#primaryimage\"},\"thumbnailUrl\":\"https:\\\/\\\/hampona.com\\\/wp-content\\\/uploads\\\/2025\\\/12\\\/TheGrandSet-1-scaled.jpg\",\"datePublished\":\"2025-12-08T13:33:31+00:00\",\"dateModified\":\"2026-04-01T10:29:52+00:00\",\"breadcrumb\":{\"@id\":\"https:\\\/\\\/hampona.com\\\/et\\\/toode\\\/the-grand-set\\\/#breadcrumb\"},\"inLanguage\":\"et\",\"potentialAction\":[{\"@type\":\"ReadAction\",\"target\":[\"https:\\\/\\\/hampona.com\\\/et\\\/toode\\\/the-grand-set\\\/\"]}]},{\"@type\":\"ImageObject\",\"inLanguage\":\"et\",\"@id\":\"https:\\\/\\\/hampona.com\\\/et\\\/toode\\\/the-grand-set\\\/#primaryimage\",\"url\":\"https:\\\/\\\/hampona.com\\\/wp-content\\\/uploads\\\/2025\\\/12\\\/TheGrandSet-1-scaled.jpg\",\"contentUrl\":\"https:\\\/\\\/hampona.com\\\/wp-content\\\/uploads\\\/2025\\\/12\\\/TheGrandSet-1-scaled.jpg\",\"width\":1708,\"height\":2560},{\"@type\":\"BreadcrumbList\",\"@id\":\"https:\\\/\\\/hampona.com\\\/et\\\/toode\\\/the-grand-set\\\/#breadcrumb\",\"itemListElement\":[{\"@type\":\"ListItem\",\"position\":1,\"name\":\"Home\",\"item\":\"https:\\\/\\\/hampona.com\\\/et\\\/\"},{\"@type\":\"ListItem\",\"position\":2,\"name\":\"Tooted\",\"item\":\"https:\\\/\\\/hampona.com\\\/et\\\/shop\\\/\"},{\"@type\":\"ListItem\",\"position\":3,\"name\":\"The Grand set\"}]},{\"@type\":\"WebSite\",\"@id\":\"https:\\\/\\\/hampona.com\\\/et\\\/#website\",\"url\":\"https:\\\/\\\/hampona.com\\\/et\\\/\",\"name\":\"Hampona Barware\",\"description\":\"\",\"publisher\":{\"@id\":\"https:\\\/\\\/hampona.com\\\/et\\\/#organization\"},\"potentialAction\":[{\"@type\":\"SearchAction\",\"target\":{\"@type\":\"EntryPoint\",\"urlTemplate\":\"https:\\\/\\\/hampona.com\\\/et\\\/?s={search_term_string}\"},\"query-input\":{\"@type\":\"PropertyValueSpecification\",\"valueRequired\":true,\"valueName\":\"search_term_string\"}}],\"inLanguage\":\"et\"},{\"@type\":\"Organization\",\"@id\":\"https:\\\/\\\/hampona.com\\\/et\\\/#organization\",\"name\":\"Hampona Barware\",\"url\":\"https:\\\/\\\/hampona.com\\\/et\\\/\",\"logo\":{\"@type\":\"ImageObject\",\"inLanguage\":\"et\",\"@id\":\"https:\\\/\\\/hampona.com\\\/et\\\/#\\\/schema\\\/logo\\\/image\\\/\",\"url\":\"https:\\\/\\\/hampona.com\\\/wp-content\\\/uploads\\\/2025\\\/12\\\/Hampona-Pattern-330x375-transparent-scaled-e1764841743878.png\",\"contentUrl\":\"https:\\\/\\\/hampona.com\\\/wp-content\\\/uploads\\\/2025\\\/12\\\/Hampona-Pattern-330x375-transparent-scaled-e1764841743878.png\",\"width\":866,\"height\":980,\"caption\":\"Hampona Barware\"},\"image\":{\"@id\":\"https:\\\/\\\/hampona.com\\\/et\\\/#\\\/schema\\\/logo\\\/image\\\/\"}}]}<\/script>\n<!-- \/ Yoast SEO plugin. -->","yoast_head_json":{"title":"The Grand set - Hampona Barware","robots":{"index":"index","follow":"follow","max-snippet":"max-snippet:-1","max-image-preview":"max-image-preview:large","max-video-preview":"max-video-preview:-1"},"canonical":"https:\/\/hampona.com\/et\/toode\/the-grand-set\/","og_locale":"et_EE","og_type":"article","og_title":"The Grand set - Hampona Barware","og_description":"The Spirit Shaker \u2013 crafted from premium stainless steel in our exclusive design, built for elegance and performance.  Hampona Jigger (30\/60 ml) \u2013 featuring the same exclusive design, ensuring precision and beauty with every pour.  Bar Spoon (28cm) \u2013 graceful and practical, perfect for stirring and layering with ease.  Muddler \u2013 sturdy and effective for unlocking fresh, vibrant flavors from fruits and herbs.  Strainer \u2013 designed for smooth, clean pours every time.  2x Freeflow Pourers \u2013 for effortless and consistent serving.","og_url":"https:\/\/hampona.com\/et\/toode\/the-grand-set\/","og_site_name":"Hampona Barware","article_modified_time":"2026-04-01T10:29:52+00:00","og_image":[{"width":1708,"height":2560,"url":"https:\/\/hampona.com\/wp-content\/uploads\/2025\/12\/TheGrandSet-1-scaled.jpg","type":"image\/jpeg"}],"twitter_card":"summary_large_image","twitter_misc":{"Est. reading time":"1 minut"},"schema":{"@context":"https:\/\/schema.org","@graph":[{"@type":"WebPage","@id":"https:\/\/hampona.com\/et\/toode\/the-grand-set\/","url":"https:\/\/hampona.com\/et\/toode\/the-grand-set\/","name":"The Grand set - Hampona Barware","isPartOf":{"@id":"https:\/\/hampona.com\/et\/#website"},"primaryImageOfPage":{"@id":"https:\/\/hampona.com\/et\/toode\/the-grand-set\/#primaryimage"},"image":{"@id":"https:\/\/hampona.com\/et\/toode\/the-grand-set\/#primaryimage"},"thumbnailUrl":"https:\/\/hampona.com\/wp-content\/uploads\/2025\/12\/TheGrandSet-1-scaled.jpg","datePublished":"2025-12-08T13:33:31+00:00","dateModified":"2026-04-01T10:29:52+00:00","breadcrumb":{"@id":"https:\/\/hampona.com\/et\/toode\/the-grand-set\/#breadcrumb"},"inLanguage":"et","potentialAction":[{"@type":"ReadAction","target":["https:\/\/hampona.com\/et\/toode\/the-grand-set\/"]}]},{"@type":"ImageObject","inLanguage":"et","@id":"https:\/\/hampona.com\/et\/toode\/the-grand-set\/#primaryimage","url":"https:\/\/hampona.com\/wp-content\/uploads\/2025\/12\/TheGrandSet-1-scaled.jpg","contentUrl":"https:\/\/hampona.com\/wp-content\/uploads\/2025\/12\/TheGrandSet-1-scaled.jpg","width":1708,"height":2560},{"@type":"BreadcrumbList","@id":"https:\/\/hampona.com\/et\/toode\/the-grand-set\/#breadcrumb","itemListElement":[{"@type":"ListItem","position":1,"name":"Home","item":"https:\/\/hampona.com\/et\/"},{"@type":"ListItem","position":2,"name":"Tooted","item":"https:\/\/hampona.com\/et\/shop\/"},{"@type":"ListItem","position":3,"name":"The Grand set"}]},{"@type":"WebSite","@id":"https:\/\/hampona.com\/et\/#website","url":"https:\/\/hampona.com\/et\/","name":"Hampona Barware","description":"","publisher":{"@id":"https:\/\/hampona.com\/et\/#organization"},"potentialAction":[{"@type":"SearchAction","target":{"@type":"EntryPoint","urlTemplate":"https:\/\/hampona.com\/et\/?s={search_term_string}"},"query-input":{"@type":"PropertyValueSpecification","valueRequired":true,"valueName":"search_term_string"}}],"inLanguage":"et"},{"@type":"Organization","@id":"https:\/\/hampona.com\/et\/#organization","name":"Hampona Barware","url":"https:\/\/hampona.com\/et\/","logo":{"@type":"ImageObject","inLanguage":"et","@id":"https:\/\/hampona.com\/et\/#\/schema\/logo\/image\/","url":"https:\/\/hampona.com\/wp-content\/uploads\/2025\/12\/Hampona-Pattern-330x375-transparent-scaled-e1764841743878.png","contentUrl":"https:\/\/hampona.com\/wp-content\/uploads\/2025\/12\/Hampona-Pattern-330x375-transparent-scaled-e1764841743878.png","width":866,"height":980,"caption":"Hampona Barware"},"image":{"@id":"https:\/\/hampona.com\/et\/#\/schema\/logo\/image\/"}}]}},"jetpack_sharing_enabled":true,"_links":{"self":[{"href":"https:\/\/hampona.com\/et\/wp-json\/wp\/v2\/product\/205","targetHints":{"allow":["GET"]}}],"collection":[{"href":"https:\/\/hampona.com\/et\/wp-json\/wp\/v2\/product"}],"about":[{"href":"https:\/\/hampona.com\/et\/wp-json\/wp\/v2\/types\/product"}],"wp:featuredmedia":[{"embeddable":true,"href":"https:\/\/hampona.com\/et\/wp-json\/wp\/v2\/media\/343"}],"wp:attachment":[{"href":"https:\/\/hampona.com\/et\/wp-json\/wp\/v2\/media?parent=205"}],"wp:term":[{"taxonomy":"product_brand","embeddable":true,"href":"https:\/\/hampona.com\/et\/wp-json\/wp\/v2\/product_brand?post=205"},{"taxonomy":"product_cat","embeddable":true,"href":"https:\/\/hampona.com\/et\/wp-json\/wp\/v2\/product_cat?post=205"},{"taxonomy":"product_tag","embeddable":true,"href":"https:\/\/hampona.com\/et\/wp-json\/wp\/v2\/product_tag?post=205"}],"curies":[{"name":"wp","href":"https:\/\/api.w.org\/{rel}","templated":true}]}}