{"id":218,"date":"2025-12-09T11:35:50","date_gmt":"2025-12-09T11:35:50","guid":{"rendered":"https:\/\/hampona.com\/?post_type=product&#038;p=218"},"modified":"2026-04-01T14:17:38","modified_gmt":"2026-04-01T14:17:38","slug":"the-starter-set","status":"publish","type":"product","link":"https:\/\/hampona.com\/et\/toode\/the-starter-set\/","title":{"rendered":"Starter Set"},"content":{"rendered":"<p><strong>Starter Set<\/strong> koondab HAMPONA olemuse \u2013 l\u00f5\u00f5gastuse, t\u00e4nulikkuse ja t\u00e4histamise \u2013 tuues kokku kolm ajatut t\u00f6\u00f6riista, mida iga kokteilihuviline vajab. Elegantne ja l\u00e4bim\u00f5eldud disainiga komplekt tagab, et iga sinu valmistatud jook kannaks endas \u00fchtekuuluvustunnet ja troopilist v\u00f5lu.<\/p>\n<p>&nbsp;<\/p>\n<p>K\u00f5ik esemed on valmistatud k\u00f5rgekvaliteedilisest roostevabast terasest ning nende ilu ja vastupidavuse s\u00e4ilitamiseks on soovitatav k\u00e4sipesu.<\/p>\n<p>&nbsp;<\/p>\n<p>Komplekt on pakendatud spetsiaalselt disainitud silindrikujulisse karpi. Starter Set ei ole ainult stiilne sissejuhatus kokteilimaailma, vaid ka t\u00e4hendusrikas kingitus \u2013 see kannab endas Aloha ja Ohana v\u00e4\u00e4rtusi ning jagatud hetkede r\u00f5\u00f5mu.<\/p>\n<p>&nbsp;<\/p>\n<p>Starter Setiga muutub iga \u0161eikimine ja segamine enamaks kui lihtsalt joogi valmistamine \u2013 see on koosolemise, t\u00e4nulikkuse ja paradiisitunde nautimine.<\/p>","protected":false},"excerpt":{"rendered":"<ul>\n<li><strong>Spirit Shaker<\/strong> \u2013 crafted from premium stainless steel in our exclusive design, built for elegance and performance..<\/li>\n<li><strong>Hampona Mensuur<\/strong> (30\/60 ml) \u2013 eksklusiivse disainiga mensuur, mis tagab t\u00e4psuse ja stiili igal valamisel.<\/li>\n<li><strong>Baarilusikas<\/strong> (28 cm) \u2013 elegantne ja praktiline, ideaalne segamiseks ja kihtide loomiseks.<\/li>\n<\/ul>","protected":false},"featured_media":35,"template":"","meta":[],"product_brand":[],"product_cat":[21],"product_tag":[],"class_list":{"0":"post-218","1":"product","2":"type-product","3":"status-publish","4":"has-post-thumbnail","6":"product_cat-starter-set","8":"first","9":"instock","10":"taxable","11":"shipping-taxable","12":"purchasable","13":"product-type-simple"},"yoast_head":"<!-- This site is optimized with the Yoast SEO plugin v27.4 - https:\/\/yoast.com\/product\/yoast-seo-wordpress\/ -->\n<title>The Starter Set - Hampona Barware<\/title>\n<meta name=\"robots\" content=\"index, follow, max-snippet:-1, max-image-preview:large, max-video-preview:-1\" \/>\n<link rel=\"canonical\" href=\"https:\/\/hampona.com\/et\/toode\/the-starter-set\/\" \/>\n<meta property=\"og:locale\" content=\"et_EE\" \/>\n<meta property=\"og:type\" content=\"article\" \/>\n<meta property=\"og:title\" content=\"The Starter Set - Hampona Barware\" \/>\n<meta property=\"og:description\" content=\"The Spirit Shaker \u2013 crafted from premium stainless steel in our exclusive design, built for elegance and performance..  Hampona Jigger (30\/60 ml) \u2013 featuring the same exclusive design, ensuring precision and beauty with every pour.  Bar Spoon (28cm) \u2013 graceful and practical, perfect for stirring and layering with ease.\" \/>\n<meta property=\"og:url\" content=\"https:\/\/hampona.com\/et\/toode\/the-starter-set\/\" \/>\n<meta property=\"og:site_name\" content=\"Hampona Barware\" \/>\n<meta property=\"article:modified_time\" content=\"2026-04-01T14:17:38+00:00\" \/>\n<meta property=\"og:image\" content=\"https:\/\/hampona.com\/wp-content\/uploads\/2025\/12\/HamponaSmallSetBg-scaled.jpg\" \/>\n\t<meta property=\"og:image:width\" content=\"1707\" \/>\n\t<meta property=\"og:image:height\" content=\"2560\" \/>\n\t<meta property=\"og:image:type\" content=\"image\/jpeg\" \/>\n<meta name=\"twitter:card\" content=\"summary_large_image\" \/>\n<meta name=\"twitter:label1\" content=\"Est. reading time\" \/>\n\t<meta name=\"twitter:data1\" content=\"1 minut\" \/>\n<script type=\"application\/ld+json\" class=\"yoast-schema-graph\">{\"@context\":\"https:\\\/\\\/schema.org\",\"@graph\":[{\"@type\":\"WebPage\",\"@id\":\"https:\\\/\\\/hampona.com\\\/product\\\/the-starter-set\\\/\",\"url\":\"https:\\\/\\\/hampona.com\\\/product\\\/the-starter-set\\\/\",\"name\":\"The Starter Set - Hampona Barware\",\"isPartOf\":{\"@id\":\"https:\\\/\\\/hampona.com\\\/et\\\/#website\"},\"primaryImageOfPage\":{\"@id\":\"https:\\\/\\\/hampona.com\\\/product\\\/the-starter-set\\\/#primaryimage\"},\"image\":{\"@id\":\"https:\\\/\\\/hampona.com\\\/product\\\/the-starter-set\\\/#primaryimage\"},\"thumbnailUrl\":\"https:\\\/\\\/www.hampona.com\\\/wp-content\\\/uploads\\\/2025\\\/12\\\/HamponaSmallSetBg-scaled.jpg\",\"datePublished\":\"2025-12-09T11:35:50+00:00\",\"dateModified\":\"2026-04-01T14:17:38+00:00\",\"breadcrumb\":{\"@id\":\"https:\\\/\\\/hampona.com\\\/product\\\/the-starter-set\\\/#breadcrumb\"},\"inLanguage\":\"et\",\"potentialAction\":[{\"@type\":\"ReadAction\",\"target\":[\"https:\\\/\\\/hampona.com\\\/product\\\/the-starter-set\\\/\"]}]},{\"@type\":\"ImageObject\",\"inLanguage\":\"et\",\"@id\":\"https:\\\/\\\/hampona.com\\\/product\\\/the-starter-set\\\/#primaryimage\",\"url\":\"https:\\\/\\\/www.hampona.com\\\/wp-content\\\/uploads\\\/2025\\\/12\\\/HamponaSmallSetBg-scaled.jpg\",\"contentUrl\":\"https:\\\/\\\/www.hampona.com\\\/wp-content\\\/uploads\\\/2025\\\/12\\\/HamponaSmallSetBg-scaled.jpg\",\"width\":1707,\"height\":2560},{\"@type\":\"BreadcrumbList\",\"@id\":\"https:\\\/\\\/hampona.com\\\/product\\\/the-starter-set\\\/#breadcrumb\",\"itemListElement\":[{\"@type\":\"ListItem\",\"position\":1,\"name\":\"Home\",\"item\":\"https:\\\/\\\/hampona.com\\\/et\\\/\"},{\"@type\":\"ListItem\",\"position\":2,\"name\":\"Tooted\",\"item\":\"https:\\\/\\\/hampona.com\\\/et\\\/shop\\\/\"},{\"@type\":\"ListItem\",\"position\":3,\"name\":\"The Starter Set\"}]},{\"@type\":\"WebSite\",\"@id\":\"https:\\\/\\\/hampona.com\\\/et\\\/#website\",\"url\":\"https:\\\/\\\/hampona.com\\\/et\\\/\",\"name\":\"Hampona Barware\",\"description\":\"\",\"publisher\":{\"@id\":\"https:\\\/\\\/hampona.com\\\/et\\\/#organization\"},\"potentialAction\":[{\"@type\":\"SearchAction\",\"target\":{\"@type\":\"EntryPoint\",\"urlTemplate\":\"https:\\\/\\\/hampona.com\\\/et\\\/?s={search_term_string}\"},\"query-input\":{\"@type\":\"PropertyValueSpecification\",\"valueRequired\":true,\"valueName\":\"search_term_string\"}}],\"inLanguage\":\"et\"},{\"@type\":\"Organization\",\"@id\":\"https:\\\/\\\/hampona.com\\\/et\\\/#organization\",\"name\":\"Hampona Barware\",\"url\":\"https:\\\/\\\/hampona.com\\\/et\\\/\",\"logo\":{\"@type\":\"ImageObject\",\"inLanguage\":\"et\",\"@id\":\"https:\\\/\\\/hampona.com\\\/et\\\/#\\\/schema\\\/logo\\\/image\\\/\",\"url\":\"https:\\\/\\\/www.hampona.com\\\/wp-content\\\/uploads\\\/2025\\\/12\\\/Hampona-Pattern-330x375-transparent-scaled-e1764841743878.png\",\"contentUrl\":\"https:\\\/\\\/www.hampona.com\\\/wp-content\\\/uploads\\\/2025\\\/12\\\/Hampona-Pattern-330x375-transparent-scaled-e1764841743878.png\",\"width\":866,\"height\":980,\"caption\":\"Hampona Barware\"},\"image\":{\"@id\":\"https:\\\/\\\/hampona.com\\\/et\\\/#\\\/schema\\\/logo\\\/image\\\/\"}}]}<\/script>\n<!-- \/ Yoast SEO plugin. -->","yoast_head_json":{"title":"The Starter Set - Hampona Barware","robots":{"index":"index","follow":"follow","max-snippet":"max-snippet:-1","max-image-preview":"max-image-preview:large","max-video-preview":"max-video-preview:-1"},"canonical":"https:\/\/hampona.com\/et\/toode\/the-starter-set\/","og_locale":"et_EE","og_type":"article","og_title":"The Starter Set - Hampona Barware","og_description":"The Spirit Shaker \u2013 crafted from premium stainless steel in our exclusive design, built for elegance and performance..  Hampona Jigger (30\/60 ml) \u2013 featuring the same exclusive design, ensuring precision and beauty with every pour.  Bar Spoon (28cm) \u2013 graceful and practical, perfect for stirring and layering with ease.","og_url":"https:\/\/hampona.com\/et\/toode\/the-starter-set\/","og_site_name":"Hampona Barware","article_modified_time":"2026-04-01T14:17:38+00:00","og_image":[{"width":1707,"height":2560,"url":"https:\/\/hampona.com\/wp-content\/uploads\/2025\/12\/HamponaSmallSetBg-scaled.jpg","type":"image\/jpeg"}],"twitter_card":"summary_large_image","twitter_misc":{"Est. reading time":"1 minut"},"schema":{"@context":"https:\/\/schema.org","@graph":[{"@type":"WebPage","@id":"https:\/\/hampona.com\/product\/the-starter-set\/","url":"https:\/\/hampona.com\/product\/the-starter-set\/","name":"The Starter Set - Hampona Barware","isPartOf":{"@id":"https:\/\/hampona.com\/et\/#website"},"primaryImageOfPage":{"@id":"https:\/\/hampona.com\/product\/the-starter-set\/#primaryimage"},"image":{"@id":"https:\/\/hampona.com\/product\/the-starter-set\/#primaryimage"},"thumbnailUrl":"https:\/\/www.hampona.com\/wp-content\/uploads\/2025\/12\/HamponaSmallSetBg-scaled.jpg","datePublished":"2025-12-09T11:35:50+00:00","dateModified":"2026-04-01T14:17:38+00:00","breadcrumb":{"@id":"https:\/\/hampona.com\/product\/the-starter-set\/#breadcrumb"},"inLanguage":"et","potentialAction":[{"@type":"ReadAction","target":["https:\/\/hampona.com\/product\/the-starter-set\/"]}]},{"@type":"ImageObject","inLanguage":"et","@id":"https:\/\/hampona.com\/product\/the-starter-set\/#primaryimage","url":"https:\/\/www.hampona.com\/wp-content\/uploads\/2025\/12\/HamponaSmallSetBg-scaled.jpg","contentUrl":"https:\/\/www.hampona.com\/wp-content\/uploads\/2025\/12\/HamponaSmallSetBg-scaled.jpg","width":1707,"height":2560},{"@type":"BreadcrumbList","@id":"https:\/\/hampona.com\/product\/the-starter-set\/#breadcrumb","itemListElement":[{"@type":"ListItem","position":1,"name":"Home","item":"https:\/\/hampona.com\/et\/"},{"@type":"ListItem","position":2,"name":"Tooted","item":"https:\/\/hampona.com\/et\/shop\/"},{"@type":"ListItem","position":3,"name":"The Starter Set"}]},{"@type":"WebSite","@id":"https:\/\/hampona.com\/et\/#website","url":"https:\/\/hampona.com\/et\/","name":"Hampona Barware","description":"","publisher":{"@id":"https:\/\/hampona.com\/et\/#organization"},"potentialAction":[{"@type":"SearchAction","target":{"@type":"EntryPoint","urlTemplate":"https:\/\/hampona.com\/et\/?s={search_term_string}"},"query-input":{"@type":"PropertyValueSpecification","valueRequired":true,"valueName":"search_term_string"}}],"inLanguage":"et"},{"@type":"Organization","@id":"https:\/\/hampona.com\/et\/#organization","name":"Hampona Barware","url":"https:\/\/hampona.com\/et\/","logo":{"@type":"ImageObject","inLanguage":"et","@id":"https:\/\/hampona.com\/et\/#\/schema\/logo\/image\/","url":"https:\/\/www.hampona.com\/wp-content\/uploads\/2025\/12\/Hampona-Pattern-330x375-transparent-scaled-e1764841743878.png","contentUrl":"https:\/\/www.hampona.com\/wp-content\/uploads\/2025\/12\/Hampona-Pattern-330x375-transparent-scaled-e1764841743878.png","width":866,"height":980,"caption":"Hampona Barware"},"image":{"@id":"https:\/\/hampona.com\/et\/#\/schema\/logo\/image\/"}}]}},"jetpack_sharing_enabled":true,"_links":{"self":[{"href":"https:\/\/hampona.com\/et\/wp-json\/wp\/v2\/product\/218","targetHints":{"allow":["GET"]}}],"collection":[{"href":"https:\/\/hampona.com\/et\/wp-json\/wp\/v2\/product"}],"about":[{"href":"https:\/\/hampona.com\/et\/wp-json\/wp\/v2\/types\/product"}],"wp:featuredmedia":[{"embeddable":true,"href":"https:\/\/hampona.com\/et\/wp-json\/wp\/v2\/media\/35"}],"wp:attachment":[{"href":"https:\/\/hampona.com\/et\/wp-json\/wp\/v2\/media?parent=218"}],"wp:term":[{"taxonomy":"product_brand","embeddable":true,"href":"https:\/\/hampona.com\/et\/wp-json\/wp\/v2\/product_brand?post=218"},{"taxonomy":"product_cat","embeddable":true,"href":"https:\/\/hampona.com\/et\/wp-json\/wp\/v2\/product_cat?post=218"},{"taxonomy":"product_tag","embeddable":true,"href":"https:\/\/hampona.com\/et\/wp-json\/wp\/v2\/product_tag?post=218"}],"curies":[{"name":"wp","href":"https:\/\/api.w.org\/{rel}","templated":true}]}}