{"id":221,"date":"2025-12-09T11:43:17","date_gmt":"2025-12-09T11:43:17","guid":{"rendered":"https:\/\/hampona.com\/?post_type=product&#038;p=221"},"modified":"2026-04-01T14:20:31","modified_gmt":"2026-04-01T14:20:31","slug":"the-spirit-shaker","status":"publish","type":"product","link":"https:\/\/hampona.com\/et\/toode\/the-spirit-shaker\/","title":{"rendered":"Spirit Shaker"},"content":{"rendered":"<p>Koge HAMPONA olemust Spirit Shakeriga \u2013 kaunilt kujundatud roostevabast terasest \u0161eikeriga, mis toob igasse jooki l\u00f5\u00f5gastuse, \u00fchtekuuluvuse ja pidulikkuse. Selle luksuslik ja eksklusiivne disain \u00fchendab endas troopilise elegantsuse ja kaasaegse luksuslikkuse, muutes \u0161eikeri samaaegselt nii pilkup\u00fc\u00fcdvaks sisustuselemendiks kui ka praktiliseks t\u00f6\u00f6riistaks.<\/p>\n<p>&nbsp;<\/p>\n<p>Sobib ideaalselt tasakaalustatud, maitserikaste ja professionaalselt segatud kokteilide valmistamiseks. Shaker on valmistatud kvaliteetsest roostevabast terasest ning soovitatav pesta k\u00e4sitsi, et s\u00e4ilitada selle ilu ja luksuslik tunnetus aastateks.<\/p>\n<p>&nbsp;<\/p>\n<p>Olgu sul ees s\u00f5pradega koosviibimine, rahulik Ho\u2018onanea hetk v\u00f5i erilise s\u00fcndmuse t\u00e4histamine \u2013 Spirit Shaker muudab iga kokteili valmistamise r\u00f5\u00f5msaks ja nauditavaks rituaaliks.<\/p>","protected":false},"excerpt":{"rendered":"<ul>\n<li><strong>Spirit Shaker<\/strong> - valmistatud kvaliteetsest roostevabast terasest meie eksklusiivse disainiga, \u00fchendades elegantsuse ja suurep\u00e4rase kasutusmugavuse.<\/li>\n<\/ul>","protected":false},"featured_media":32,"template":"","meta":[],"product_brand":[],"product_cat":[22],"product_tag":[],"class_list":{"0":"post-221","1":"product","2":"type-product","3":"status-publish","4":"has-post-thumbnail","6":"product_cat-shaker","8":"first","9":"instock","10":"taxable","11":"shipping-taxable","12":"purchasable","13":"product-type-simple"},"yoast_head":"<!-- This site is optimized with the Yoast SEO plugin v27.4 - https:\/\/yoast.com\/product\/yoast-seo-wordpress\/ -->\n<title>The Spirit Shaker - Hampona Barware<\/title>\n<meta name=\"robots\" content=\"index, follow, max-snippet:-1, max-image-preview:large, max-video-preview:-1\" \/>\n<link rel=\"canonical\" href=\"https:\/\/hampona.com\/et\/toode\/the-spirit-shaker\/\" \/>\n<meta property=\"og:locale\" content=\"et_EE\" \/>\n<meta property=\"og:type\" content=\"article\" \/>\n<meta property=\"og:title\" content=\"The Spirit Shaker - Hampona Barware\" \/>\n<meta property=\"og:description\" content=\"The Spirit Shaker \u2013 crafted from premium stainless steel in our exclusive design, built for elegance and performance.\" \/>\n<meta property=\"og:url\" content=\"https:\/\/hampona.com\/et\/toode\/the-spirit-shaker\/\" \/>\n<meta property=\"og:site_name\" content=\"Hampona Barware\" \/>\n<meta property=\"article:modified_time\" content=\"2026-04-01T14:20:31+00:00\" \/>\n<meta property=\"og:image\" content=\"https:\/\/hampona.com\/wp-content\/uploads\/2025\/12\/HamponaShakerBg-scaled.jpg\" \/>\n\t<meta property=\"og:image:width\" content=\"1708\" \/>\n\t<meta property=\"og:image:height\" content=\"2560\" \/>\n\t<meta property=\"og:image:type\" content=\"image\/jpeg\" \/>\n<meta name=\"twitter:card\" content=\"summary_large_image\" \/>\n<meta name=\"twitter:label1\" content=\"Est. reading time\" \/>\n\t<meta name=\"twitter:data1\" content=\"1 minut\" \/>\n<script type=\"application\/ld+json\" class=\"yoast-schema-graph\">{\"@context\":\"https:\\\/\\\/schema.org\",\"@graph\":[{\"@type\":\"WebPage\",\"@id\":\"https:\\\/\\\/hampona.com\\\/product\\\/the-spirit-shaker\\\/\",\"url\":\"https:\\\/\\\/hampona.com\\\/product\\\/the-spirit-shaker\\\/\",\"name\":\"The Spirit Shaker - Hampona Barware\",\"isPartOf\":{\"@id\":\"https:\\\/\\\/hampona.com\\\/et\\\/#website\"},\"primaryImageOfPage\":{\"@id\":\"https:\\\/\\\/hampona.com\\\/product\\\/the-spirit-shaker\\\/#primaryimage\"},\"image\":{\"@id\":\"https:\\\/\\\/hampona.com\\\/product\\\/the-spirit-shaker\\\/#primaryimage\"},\"thumbnailUrl\":\"https:\\\/\\\/www.hampona.com\\\/wp-content\\\/uploads\\\/2025\\\/12\\\/HamponaShakerBg-scaled.jpg\",\"datePublished\":\"2025-12-09T11:43:17+00:00\",\"dateModified\":\"2026-04-01T14:20:31+00:00\",\"breadcrumb\":{\"@id\":\"https:\\\/\\\/hampona.com\\\/product\\\/the-spirit-shaker\\\/#breadcrumb\"},\"inLanguage\":\"et\",\"potentialAction\":[{\"@type\":\"ReadAction\",\"target\":[\"https:\\\/\\\/hampona.com\\\/product\\\/the-spirit-shaker\\\/\"]}]},{\"@type\":\"ImageObject\",\"inLanguage\":\"et\",\"@id\":\"https:\\\/\\\/hampona.com\\\/product\\\/the-spirit-shaker\\\/#primaryimage\",\"url\":\"https:\\\/\\\/www.hampona.com\\\/wp-content\\\/uploads\\\/2025\\\/12\\\/HamponaShakerBg-scaled.jpg\",\"contentUrl\":\"https:\\\/\\\/www.hampona.com\\\/wp-content\\\/uploads\\\/2025\\\/12\\\/HamponaShakerBg-scaled.jpg\",\"width\":1708,\"height\":2560},{\"@type\":\"BreadcrumbList\",\"@id\":\"https:\\\/\\\/hampona.com\\\/product\\\/the-spirit-shaker\\\/#breadcrumb\",\"itemListElement\":[{\"@type\":\"ListItem\",\"position\":1,\"name\":\"Home\",\"item\":\"https:\\\/\\\/hampona.com\\\/et\\\/\"},{\"@type\":\"ListItem\",\"position\":2,\"name\":\"Tooted\",\"item\":\"https:\\\/\\\/hampona.com\\\/et\\\/shop\\\/\"},{\"@type\":\"ListItem\",\"position\":3,\"name\":\"The Spirit Shaker\"}]},{\"@type\":\"WebSite\",\"@id\":\"https:\\\/\\\/hampona.com\\\/et\\\/#website\",\"url\":\"https:\\\/\\\/hampona.com\\\/et\\\/\",\"name\":\"Hampona Barware\",\"description\":\"\",\"publisher\":{\"@id\":\"https:\\\/\\\/hampona.com\\\/et\\\/#organization\"},\"potentialAction\":[{\"@type\":\"SearchAction\",\"target\":{\"@type\":\"EntryPoint\",\"urlTemplate\":\"https:\\\/\\\/hampona.com\\\/et\\\/?s={search_term_string}\"},\"query-input\":{\"@type\":\"PropertyValueSpecification\",\"valueRequired\":true,\"valueName\":\"search_term_string\"}}],\"inLanguage\":\"et\"},{\"@type\":\"Organization\",\"@id\":\"https:\\\/\\\/hampona.com\\\/et\\\/#organization\",\"name\":\"Hampona Barware\",\"url\":\"https:\\\/\\\/hampona.com\\\/et\\\/\",\"logo\":{\"@type\":\"ImageObject\",\"inLanguage\":\"et\",\"@id\":\"https:\\\/\\\/hampona.com\\\/et\\\/#\\\/schema\\\/logo\\\/image\\\/\",\"url\":\"https:\\\/\\\/www.hampona.com\\\/wp-content\\\/uploads\\\/2025\\\/12\\\/Hampona-Pattern-330x375-transparent-scaled-e1764841743878.png\",\"contentUrl\":\"https:\\\/\\\/www.hampona.com\\\/wp-content\\\/uploads\\\/2025\\\/12\\\/Hampona-Pattern-330x375-transparent-scaled-e1764841743878.png\",\"width\":866,\"height\":980,\"caption\":\"Hampona Barware\"},\"image\":{\"@id\":\"https:\\\/\\\/hampona.com\\\/et\\\/#\\\/schema\\\/logo\\\/image\\\/\"}}]}<\/script>\n<!-- \/ Yoast SEO plugin. -->","yoast_head_json":{"title":"The Spirit Shaker - Hampona Barware","robots":{"index":"index","follow":"follow","max-snippet":"max-snippet:-1","max-image-preview":"max-image-preview:large","max-video-preview":"max-video-preview:-1"},"canonical":"https:\/\/hampona.com\/et\/toode\/the-spirit-shaker\/","og_locale":"et_EE","og_type":"article","og_title":"The Spirit Shaker - Hampona Barware","og_description":"The Spirit Shaker \u2013 crafted from premium stainless steel in our exclusive design, built for elegance and performance.","og_url":"https:\/\/hampona.com\/et\/toode\/the-spirit-shaker\/","og_site_name":"Hampona Barware","article_modified_time":"2026-04-01T14:20:31+00:00","og_image":[{"width":1708,"height":2560,"url":"https:\/\/hampona.com\/wp-content\/uploads\/2025\/12\/HamponaShakerBg-scaled.jpg","type":"image\/jpeg"}],"twitter_card":"summary_large_image","twitter_misc":{"Est. reading time":"1 minut"},"schema":{"@context":"https:\/\/schema.org","@graph":[{"@type":"WebPage","@id":"https:\/\/hampona.com\/product\/the-spirit-shaker\/","url":"https:\/\/hampona.com\/product\/the-spirit-shaker\/","name":"The Spirit Shaker - Hampona Barware","isPartOf":{"@id":"https:\/\/hampona.com\/et\/#website"},"primaryImageOfPage":{"@id":"https:\/\/hampona.com\/product\/the-spirit-shaker\/#primaryimage"},"image":{"@id":"https:\/\/hampona.com\/product\/the-spirit-shaker\/#primaryimage"},"thumbnailUrl":"https:\/\/www.hampona.com\/wp-content\/uploads\/2025\/12\/HamponaShakerBg-scaled.jpg","datePublished":"2025-12-09T11:43:17+00:00","dateModified":"2026-04-01T14:20:31+00:00","breadcrumb":{"@id":"https:\/\/hampona.com\/product\/the-spirit-shaker\/#breadcrumb"},"inLanguage":"et","potentialAction":[{"@type":"ReadAction","target":["https:\/\/hampona.com\/product\/the-spirit-shaker\/"]}]},{"@type":"ImageObject","inLanguage":"et","@id":"https:\/\/hampona.com\/product\/the-spirit-shaker\/#primaryimage","url":"https:\/\/www.hampona.com\/wp-content\/uploads\/2025\/12\/HamponaShakerBg-scaled.jpg","contentUrl":"https:\/\/www.hampona.com\/wp-content\/uploads\/2025\/12\/HamponaShakerBg-scaled.jpg","width":1708,"height":2560},{"@type":"BreadcrumbList","@id":"https:\/\/hampona.com\/product\/the-spirit-shaker\/#breadcrumb","itemListElement":[{"@type":"ListItem","position":1,"name":"Home","item":"https:\/\/hampona.com\/et\/"},{"@type":"ListItem","position":2,"name":"Tooted","item":"https:\/\/hampona.com\/et\/shop\/"},{"@type":"ListItem","position":3,"name":"The Spirit Shaker"}]},{"@type":"WebSite","@id":"https:\/\/hampona.com\/et\/#website","url":"https:\/\/hampona.com\/et\/","name":"Hampona Barware","description":"","publisher":{"@id":"https:\/\/hampona.com\/et\/#organization"},"potentialAction":[{"@type":"SearchAction","target":{"@type":"EntryPoint","urlTemplate":"https:\/\/hampona.com\/et\/?s={search_term_string}"},"query-input":{"@type":"PropertyValueSpecification","valueRequired":true,"valueName":"search_term_string"}}],"inLanguage":"et"},{"@type":"Organization","@id":"https:\/\/hampona.com\/et\/#organization","name":"Hampona Barware","url":"https:\/\/hampona.com\/et\/","logo":{"@type":"ImageObject","inLanguage":"et","@id":"https:\/\/hampona.com\/et\/#\/schema\/logo\/image\/","url":"https:\/\/www.hampona.com\/wp-content\/uploads\/2025\/12\/Hampona-Pattern-330x375-transparent-scaled-e1764841743878.png","contentUrl":"https:\/\/www.hampona.com\/wp-content\/uploads\/2025\/12\/Hampona-Pattern-330x375-transparent-scaled-e1764841743878.png","width":866,"height":980,"caption":"Hampona Barware"},"image":{"@id":"https:\/\/hampona.com\/et\/#\/schema\/logo\/image\/"}}]}},"jetpack_sharing_enabled":true,"_links":{"self":[{"href":"https:\/\/hampona.com\/et\/wp-json\/wp\/v2\/product\/221","targetHints":{"allow":["GET"]}}],"collection":[{"href":"https:\/\/hampona.com\/et\/wp-json\/wp\/v2\/product"}],"about":[{"href":"https:\/\/hampona.com\/et\/wp-json\/wp\/v2\/types\/product"}],"wp:featuredmedia":[{"embeddable":true,"href":"https:\/\/hampona.com\/et\/wp-json\/wp\/v2\/media\/32"}],"wp:attachment":[{"href":"https:\/\/hampona.com\/et\/wp-json\/wp\/v2\/media?parent=221"}],"wp:term":[{"taxonomy":"product_brand","embeddable":true,"href":"https:\/\/hampona.com\/et\/wp-json\/wp\/v2\/product_brand?post=221"},{"taxonomy":"product_cat","embeddable":true,"href":"https:\/\/hampona.com\/et\/wp-json\/wp\/v2\/product_cat?post=221"},{"taxonomy":"product_tag","embeddable":true,"href":"https:\/\/hampona.com\/et\/wp-json\/wp\/v2\/product_tag?post=221"}],"curies":[{"name":"wp","href":"https:\/\/api.w.org\/{rel}","templated":true}]}}